{"id":946,"date":"2020-04-20T17:46:49","date_gmt":"2020-04-20T16:46:49","guid":{"rendered":"http:\/\/radyoon.org\/V2\/?page_id=946"},"modified":"2020-04-20T17:49:05","modified_gmt":"2020-04-20T16:49:05","slug":"aboutnous","status":"publish","type":"page","link":"https:\/\/radyoon.org\/V2\/aboutnous\/","title":{"rendered":"About Nous"},"content":{"rendered":"\t\t<div data-elementor-type=\"wp-page\" data-elementor-id=\"946\" class=\"elementor elementor-946\" data-elementor-settings=\"[]\">\n\t\t\t\t\t\t<div class=\"elementor-inner\">\n\t\t\t\t\t\t\t<div class=\"elementor-section-wrap\">\n\t\t\t\t\t\t\t<section class=\"elementor-section elementor-top-section elementor-element elementor-element-fc0dfe8 elementor-section-boxed elementor-section-height-default elementor-section-height-default\" data-id=\"fc0dfe8\" data-element_type=\"section\">\n\t\t\t\t\t\t<div class=\"elementor-container elementor-column-gap-extended\">\n\t\t\t\t\t\t\t<div class=\"elementor-row\">\n\t\t\t\t\t<div class=\"elementor-column elementor-col-100 elementor-top-column elementor-element elementor-element-2867b80 sc_inner_width_none sc_content_align_inherit sc_layouts_column_icons_position_left\" data-id=\"2867b80\" data-element_type=\"column\">\n\t\t\t<div class=\"elementor-column-wrap elementor-element-populated\">\n\t\t\t\t\t\t\t<div class=\"elementor-widget-wrap\">\n\t\t\t\t\t\t<div class=\"elementor-element elementor-element-77a3c27 sc_fly_static elementor-widget elementor-widget-image\" data-id=\"77a3c27\" data-element_type=\"widget\" data-widget_type=\"image.default\">\n\t\t\t\t<div class=\"elementor-widget-container\">\n\t\t\t\t\t\t\t\t<div class=\"elementor-image\">\n\t\t\t\t\t\t\t\t\t\t\t\t<img width=\"851\" height=\"315\" src=\"https:\/\/radyoon.org\/V2\/wp-content\/uploads\/2020\/04\/Couverture.png\" class=\"attachment-large size-large\" alt=\"\" loading=\"lazy\" srcset=\"https:\/\/radyoon.org\/V2\/wp-content\/uploads\/2020\/04\/Couverture.png 851w, https:\/\/radyoon.org\/V2\/wp-content\/uploads\/2020\/04\/Couverture-300x111.png 300w, https:\/\/radyoon.org\/V2\/wp-content\/uploads\/2020\/04\/Couverture-768x284.png 768w, https:\/\/radyoon.org\/V2\/wp-content\/uploads\/2020\/04\/Couverture-370x137.png 370w, https:\/\/radyoon.org\/V2\/wp-content\/uploads\/2020\/04\/Couverture-760x281.png 760w\" sizes=\"(max-width: 851px) 100vw, 851px\" \/>\t\t\t\t\t\t\t\t\t\t\t\t\t\t<\/div>\n\t\t\t\t\t\t<\/div>\n\t\t\t\t<\/div>\n\t\t\t\t\t\t<\/div>\n\t\t\t\t\t<\/div>\n\t\t<\/div>\n\t\t\t\t\t\t\t\t<\/div>\n\t\t\t\t\t<\/div>\n\t\t<\/section>\n\t\t\t\t<section class=\"elementor-section elementor-top-section elementor-element elementor-element-62517f7 elementor-section-boxed elementor-section-height-default elementor-section-height-default\" data-id=\"62517f7\" data-element_type=\"section\">\n\t\t\t\t\t\t<div class=\"elementor-container elementor-column-gap-extended\">\n\t\t\t\t\t\t\t<div class=\"elementor-row\">\n\t\t\t\t\t<div class=\"elementor-column elementor-col-100 elementor-top-column elementor-element elementor-element-737b966 sc_inner_width_none sc_content_align_inherit sc_layouts_column_icons_position_left\" data-id=\"737b966\" data-element_type=\"column\">\n\t\t\t<div class=\"elementor-column-wrap elementor-element-populated\">\n\t\t\t\t\t\t\t<div class=\"elementor-widget-wrap\">\n\t\t\t\t\t\t<div class=\"elementor-element elementor-element-da0c1cf sc_fly_static elementor-widget elementor-widget-text-editor\" data-id=\"da0c1cf\" data-element_type=\"widget\" data-widget_type=\"text-editor.default\">\n\t\t\t\t<div class=\"elementor-widget-container\">\n\t\t\t\t\t\t\t\t<div class=\"elementor-text-editor elementor-clearfix\">\n\t\t\t\t<p><!-- \/wp:paragraph --><!-- wp:paragraph --><\/p><p><strong>RADYOON<\/strong><\/p><p>Espace de libre expression musicale et sonore, Radyoon est un m\u00e9dia participatif n\u00e9 de la R\u00e9volution tunisienne. Faisant \u00e9cho \u00e0 la disparition de la censure et \u00e0 l\u2019\u00e9mergence de sc\u00e8nes ind\u00e9pendantes, Radyoon d\u00e9friche depuis 2012 ses courants tout en exhumant un pan des r\u00e9pertoires populaires et traditionnels. Tunisienne sans pour autant se cantonner \u00e0 un territoire d\u00e9finit, elle r\u00e9unit une pl\u00e9thore de contributeurs compos\u00e9e de collectifs, labels, diggers et de m\u00e9lomanes dispatch\u00e9s entre Tunis, Paris, le Caire, Gen\u00e8ve et Casablanca.<\/p><p><!-- \/wp:paragraph --><!-- wp:paragraph --><\/p><p><strong>Objectifs :<\/strong><\/p><p><!-- \/wp:paragraph --><!-- wp:paragraph --><\/p><p>Horizontale et non-lucrative, sa d\u00e9marche s\u2019inscrit dans un mouvement culturel et artistique que l\u2019on pourrait traduire, par analogie historique et politique, de movida arabe.\u00a0 Avec une programmation articul\u00e9e en sessions, elle couvre un large panel de musiques et de courants de niches tout en offrant une caisse de r\u00e9sonnance aux artistes \u00e9mergents issus des deux rives de la m\u00e9diterran\u00e9e. Plus qu\u2019une simple radio digitale, Radyoon se veut avant tout comme une plateforme liant diff\u00e9rentes sc\u00e8nes qu\u2019elle cherche \u00e0 faire collaborer entre elles.\u00a0<\/p><p><!-- \/wp:paragraph --><!-- wp:paragraph --><\/p><p><strong>Contenus<\/strong><\/p><p><!-- \/wp:paragraph --><!-- wp:paragraph --><\/p><p>Avec une grille r\u00e9unissant plus d\u2019une trentaine de contributeurs et autant de sessions s\u2019inscrivant dans un registre pr\u00e9cis, la programmation sonore de Radyoon balaie un r\u00e9pertoire allant des musiques traditionnelles berb\u00e8res aux classiques \u00e9gyptiens en passant par la trap palestinienne, le post punk, la west coast, la noise, la techno ou la old shool fran\u00e7aise. D\u00e9finie autour d\u2019un concept, chaque session est l\u2019objet d\u2019une approche curatoriale centr\u00e9e sur une sonorit\u00e9 pr\u00e9cise o\u00f9 un contexte social, culturel, historique ou g\u00e9ographique donn\u00e9. Se d\u00e9clinant en poadcast, en enregistrement vid\u00e9o ou en vid\u00e9o livestream de concerts, chacune d\u2019elle est associ\u00e9e \u00e0 un visuel con\u00e7u par un graphiste ou un illustrateur.<\/p>\t\t\t\t\t<\/div>\n\t\t\t\t\t\t<\/div>\n\t\t\t\t<\/div>\n\t\t\t\t\t\t<\/div>\n\t\t\t\t\t<\/div>\n\t\t<\/div>\n\t\t\t\t\t\t\t\t<\/div>\n\t\t\t\t\t<\/div>\n\t\t<\/section>\n\t\t\t\t\t\t<\/div>\n\t\t\t\t\t\t<\/div>\n\t\t\t\t\t<\/div>\n\t\t","protected":false},"excerpt":{"rendered":"<p>RADYOON Espace de libre expression musicale et sonore, Radyoon est un m\u00e9dia participatif n\u00e9 de la R\u00e9volution tunisienne. Faisant \u00e9cho \u00e0 la&hellip;<\/p>\n","protected":false},"author":1,"featured_media":0,"parent":0,"menu_order":0,"comment_status":"closed","ping_status":"closed","template":"","meta":[],"_links":{"self":[{"href":"https:\/\/radyoon.org\/V2\/wp-json\/wp\/v2\/pages\/946"}],"collection":[{"href":"https:\/\/radyoon.org\/V2\/wp-json\/wp\/v2\/pages"}],"about":[{"href":"https:\/\/radyoon.org\/V2\/wp-json\/wp\/v2\/types\/page"}],"author":[{"embeddable":true,"href":"https:\/\/radyoon.org\/V2\/wp-json\/wp\/v2\/users\/1"}],"replies":[{"embeddable":true,"href":"https:\/\/radyoon.org\/V2\/wp-json\/wp\/v2\/comments?post=946"}],"version-history":[{"count":3,"href":"https:\/\/radyoon.org\/V2\/wp-json\/wp\/v2\/pages\/946\/revisions"}],"predecessor-version":[{"id":949,"href":"https:\/\/radyoon.org\/V2\/wp-json\/wp\/v2\/pages\/946\/revisions\/949"}],"wp:attachment":[{"href":"https:\/\/radyoon.org\/V2\/wp-json\/wp\/v2\/media?parent=946"}],"curies":[{"name":"wp","href":"https:\/\/api.w.org\/{rel}","templated":true}]}}